{"id":959,"date":"2024-02-09T12:10:58","date_gmt":"2024-02-09T11:10:58","guid":{"rendered":"https:\/\/careers.bonial.com\/impressum\/"},"modified":"2025-05-08T08:51:23","modified_gmt":"2025-05-08T07:51:23","slug":"impressum","status":"publish","type":"page","link":"https:\/\/www.careers.bonial.com\/de\/impressum\/","title":{"rendered":"Impressum"},"content":{"rendered":"\n\n\t<h1>Impressum<\/h1>\n<strong>Bonial International GmbH<\/strong><br \/>\nHussitenstra\u00dfe 32-33<br \/>\n13355 Berlin\nE-Mail: kontakt (at) kaufda.de<br \/>\nInternet: www.kaufda.de<br \/>\nTel.: +49 (0)30 \/ 609 896000\n<p><strong>Der Vorstand:<\/strong><\/p>\nChristoph Eck-Schmidt, Karsten Lehmann, Florian Reinartz<br \/>\nEingetragen beim Amtsgericht Berlin-Charlottenburg, Registernummer: HRB 115393B<br \/>\nSteuernummer: 29\/010\/61113<br \/>\nUmsatzsteuer-Identifikationsnummer: DE261590654\n<p>Verantwortlich f\u00fcr den Inhalt nach \u00a718 Abs.2 MStV: Christoph Eck-Schmidt, Francis Felice, Karsten Lehmann<\/p>\n<h1>Kontakt<\/h1>\nPresse: <a href=\"mailto:presse@bonial.de\">presse@bonial.de<\/a><br \/>\nVerk\u00e4ufe: <a href=\"mailto:service@bonial.de\">service@bonial.de<\/a><br \/>\nKarriere: <a href=\"mailto:jobs@bonial.de\">jobs@bonial.de<\/a>\n\n","protected":false},"excerpt":{"rendered":"<p>Impressum Bonial International GmbH Hussitenstra\u00dfe 32-33 13355 Berlin E-Mail: kontakt (at) kaufda.de Internet: www.kaufda.de Tel.: +49 (0)30 \/ 609 896000 Der Vorstand: Christoph Eck-Schmidt, Karsten Lehmann, Florian Reinartz Eingetragen beim Amtsgericht Berlin-Charlottenburg, Registernummer: HRB 115393B Steuernummer: 29\/010\/61113 Umsatzsteuer-Identifikationsnummer: DE261590654 Verantwortlich f\u00fcr den Inhalt nach \u00a718 Abs.2 MStV: Christoph Eck-Schmidt, Francis Felice, Karsten Lehmann Kontakt Presse: [&hellip;]<\/p>\n","protected":false},"author":1,"featured_media":0,"parent":0,"menu_order":0,"comment_status":"closed","ping_status":"closed","template":"","meta":{"_acf_changed":false,"footnotes":""},"class_list":["post-959","page","type-page","status-publish","hentry","wpbf-post"],"acf":[],"yoast_head":"<!-- This site is optimized with the Yoast SEO plugin v27.4 - https:\/\/yoast.com\/product\/yoast-seo-wordpress\/ -->\n<title>Impressum | Rechtliche Informationen| bonial Career<\/title>\n<meta name=\"description\" content=\"Zugang zum Impressum von bonial f\u00fcr offizielle Unternehmensinformationen, inkl. Adresse, Angaben zur Gesch\u00e4ftsf\u00fchrung und Kontaktinformationen.\" \/>\n<meta name=\"robots\" content=\"index, follow, max-snippet:-1, max-image-preview:large, max-video-preview:-1\" \/>\n<link rel=\"canonical\" href=\"https:\/\/www.careers.bonial.com\/de\/impressum\/\" \/>\n<meta property=\"og:locale\" content=\"de_DE\" \/>\n<meta property=\"og:type\" content=\"article\" \/>\n<meta property=\"og:title\" content=\"Impressum | Rechtliche Informationen| bonial Career\" \/>\n<meta property=\"og:description\" content=\"Zugang zum Impressum von bonial f\u00fcr offizielle Unternehmensinformationen, inkl. Adresse, Angaben zur Gesch\u00e4ftsf\u00fchrung und Kontaktinformationen.\" \/>\n<meta property=\"og:url\" content=\"https:\/\/www.careers.bonial.com\/de\/impressum\/\" \/>\n<meta property=\"og:site_name\" content=\"bonial Career\" \/>\n<meta property=\"article:modified_time\" content=\"2025-05-08T07:51:23+00:00\" \/>\n<meta name=\"twitter:card\" content=\"summary_large_image\" \/>\n<meta name=\"twitter:label1\" content=\"Gesch\u00e4tzte Lesezeit\" \/>\n\t<meta name=\"twitter:data1\" content=\"1\u00a0Minute\" \/>\n<script type=\"application\/ld+json\" class=\"yoast-schema-graph\">{\"@context\":\"https:\\\/\\\/schema.org\",\"@graph\":[{\"@type\":\"WebPage\",\"@id\":\"https:\\\/\\\/www.careers.bonial.com\\\/de\\\/impressum\\\/\",\"url\":\"https:\\\/\\\/www.careers.bonial.com\\\/de\\\/impressum\\\/\",\"name\":\"Impressum | Rechtliche Informationen| bonial Career\",\"isPartOf\":{\"@id\":\"https:\\\/\\\/www.careers.bonial.com\\\/de\\\/#website\"},\"datePublished\":\"2024-02-09T11:10:58+00:00\",\"dateModified\":\"2025-05-08T07:51:23+00:00\",\"description\":\"Zugang zum Impressum von bonial f\u00fcr offizielle Unternehmensinformationen, inkl. Adresse, Angaben zur Gesch\u00e4ftsf\u00fchrung und Kontaktinformationen.\",\"breadcrumb\":{\"@id\":\"https:\\\/\\\/www.careers.bonial.com\\\/de\\\/impressum\\\/#breadcrumb\"},\"inLanguage\":\"de\",\"potentialAction\":[{\"@type\":\"ReadAction\",\"target\":[\"https:\\\/\\\/www.careers.bonial.com\\\/de\\\/impressum\\\/\"]}]},{\"@type\":\"BreadcrumbList\",\"@id\":\"https:\\\/\\\/www.careers.bonial.com\\\/de\\\/impressum\\\/#breadcrumb\",\"itemListElement\":[{\"@type\":\"ListItem\",\"position\":1,\"name\":\"Home\",\"item\":\"https:\\\/\\\/www.careers.bonial.com\\\/de\\\/\"},{\"@type\":\"ListItem\",\"position\":2,\"name\":\"Impressum\"}]},{\"@type\":\"WebSite\",\"@id\":\"https:\\\/\\\/www.careers.bonial.com\\\/de\\\/#website\",\"url\":\"https:\\\/\\\/www.careers.bonial.com\\\/de\\\/\",\"name\":\"bonial\",\"description\":\"\",\"publisher\":{\"@id\":\"https:\\\/\\\/www.careers.bonial.com\\\/de\\\/#organization\"},\"potentialAction\":[{\"@type\":\"SearchAction\",\"target\":{\"@type\":\"EntryPoint\",\"urlTemplate\":\"https:\\\/\\\/www.careers.bonial.com\\\/de\\\/?s={search_term_string}\"},\"query-input\":{\"@type\":\"PropertyValueSpecification\",\"valueRequired\":true,\"valueName\":\"search_term_string\"}}],\"inLanguage\":\"de\"},{\"@type\":\"Organization\",\"@id\":\"https:\\\/\\\/www.careers.bonial.com\\\/de\\\/#organization\",\"name\":\"bonial\",\"url\":\"https:\\\/\\\/www.careers.bonial.com\\\/de\\\/\",\"logo\":{\"@type\":\"ImageObject\",\"inLanguage\":\"de\",\"@id\":\"https:\\\/\\\/www.careers.bonial.com\\\/de\\\/#\\\/schema\\\/logo\\\/image\\\/\",\"url\":\"https:\\\/\\\/www.careers.bonial.com\\\/wp-content\\\/uploads\\\/2023\\\/12\\\/bonial-logo-scaled.webp\",\"contentUrl\":\"https:\\\/\\\/www.careers.bonial.com\\\/wp-content\\\/uploads\\\/2023\\\/12\\\/bonial-logo-scaled.webp\",\"width\":2560,\"height\":877,\"caption\":\"bonial\"},\"image\":{\"@id\":\"https:\\\/\\\/www.careers.bonial.com\\\/de\\\/#\\\/schema\\\/logo\\\/image\\\/\"}}]}<\/script>\n<!-- \/ Yoast SEO plugin. -->","yoast_head_json":{"title":"Impressum | Rechtliche Informationen| bonial Career","description":"Zugang zum Impressum von bonial f\u00fcr offizielle Unternehmensinformationen, inkl. Adresse, Angaben zur Gesch\u00e4ftsf\u00fchrung und Kontaktinformationen.","robots":{"index":"index","follow":"follow","max-snippet":"max-snippet:-1","max-image-preview":"max-image-preview:large","max-video-preview":"max-video-preview:-1"},"canonical":"https:\/\/www.careers.bonial.com\/de\/impressum\/","og_locale":"de_DE","og_type":"article","og_title":"Impressum | Rechtliche Informationen| bonial Career","og_description":"Zugang zum Impressum von bonial f\u00fcr offizielle Unternehmensinformationen, inkl. Adresse, Angaben zur Gesch\u00e4ftsf\u00fchrung und Kontaktinformationen.","og_url":"https:\/\/www.careers.bonial.com\/de\/impressum\/","og_site_name":"bonial Career","article_modified_time":"2025-05-08T07:51:23+00:00","twitter_card":"summary_large_image","twitter_misc":{"Gesch\u00e4tzte Lesezeit":"1\u00a0Minute"},"schema":{"@context":"https:\/\/schema.org","@graph":[{"@type":"WebPage","@id":"https:\/\/www.careers.bonial.com\/de\/impressum\/","url":"https:\/\/www.careers.bonial.com\/de\/impressum\/","name":"Impressum | Rechtliche Informationen| bonial Career","isPartOf":{"@id":"https:\/\/www.careers.bonial.com\/de\/#website"},"datePublished":"2024-02-09T11:10:58+00:00","dateModified":"2025-05-08T07:51:23+00:00","description":"Zugang zum Impressum von bonial f\u00fcr offizielle Unternehmensinformationen, inkl. Adresse, Angaben zur Gesch\u00e4ftsf\u00fchrung und Kontaktinformationen.","breadcrumb":{"@id":"https:\/\/www.careers.bonial.com\/de\/impressum\/#breadcrumb"},"inLanguage":"de","potentialAction":[{"@type":"ReadAction","target":["https:\/\/www.careers.bonial.com\/de\/impressum\/"]}]},{"@type":"BreadcrumbList","@id":"https:\/\/www.careers.bonial.com\/de\/impressum\/#breadcrumb","itemListElement":[{"@type":"ListItem","position":1,"name":"Home","item":"https:\/\/www.careers.bonial.com\/de\/"},{"@type":"ListItem","position":2,"name":"Impressum"}]},{"@type":"WebSite","@id":"https:\/\/www.careers.bonial.com\/de\/#website","url":"https:\/\/www.careers.bonial.com\/de\/","name":"bonial","description":"","publisher":{"@id":"https:\/\/www.careers.bonial.com\/de\/#organization"},"potentialAction":[{"@type":"SearchAction","target":{"@type":"EntryPoint","urlTemplate":"https:\/\/www.careers.bonial.com\/de\/?s={search_term_string}"},"query-input":{"@type":"PropertyValueSpecification","valueRequired":true,"valueName":"search_term_string"}}],"inLanguage":"de"},{"@type":"Organization","@id":"https:\/\/www.careers.bonial.com\/de\/#organization","name":"bonial","url":"https:\/\/www.careers.bonial.com\/de\/","logo":{"@type":"ImageObject","inLanguage":"de","@id":"https:\/\/www.careers.bonial.com\/de\/#\/schema\/logo\/image\/","url":"https:\/\/www.careers.bonial.com\/wp-content\/uploads\/2023\/12\/bonial-logo-scaled.webp","contentUrl":"https:\/\/www.careers.bonial.com\/wp-content\/uploads\/2023\/12\/bonial-logo-scaled.webp","width":2560,"height":877,"caption":"bonial"},"image":{"@id":"https:\/\/www.careers.bonial.com\/de\/#\/schema\/logo\/image\/"}}]}},"_links":{"self":[{"href":"https:\/\/www.careers.bonial.com\/de\/wp-json\/wp\/v2\/pages\/959","targetHints":{"allow":["GET"]}}],"collection":[{"href":"https:\/\/www.careers.bonial.com\/de\/wp-json\/wp\/v2\/pages"}],"about":[{"href":"https:\/\/www.careers.bonial.com\/de\/wp-json\/wp\/v2\/types\/page"}],"author":[{"embeddable":true,"href":"https:\/\/www.careers.bonial.com\/de\/wp-json\/wp\/v2\/users\/1"}],"replies":[{"embeddable":true,"href":"https:\/\/www.careers.bonial.com\/de\/wp-json\/wp\/v2\/comments?post=959"}],"version-history":[{"count":5,"href":"https:\/\/www.careers.bonial.com\/de\/wp-json\/wp\/v2\/pages\/959\/revisions"}],"predecessor-version":[{"id":10894,"href":"https:\/\/www.careers.bonial.com\/de\/wp-json\/wp\/v2\/pages\/959\/revisions\/10894"}],"wp:attachment":[{"href":"https:\/\/www.careers.bonial.com\/de\/wp-json\/wp\/v2\/media?parent=959"}],"curies":[{"name":"wp","href":"https:\/\/api.w.org\/{rel}","templated":true}]}}