{"id":945,"date":"2023-12-15T11:19:26","date_gmt":"2023-12-15T10:19:26","guid":{"rendered":"https:\/\/careers.bonial.com\/diversity-equity-and-inclusion\/"},"modified":"2024-10-18T12:06:27","modified_gmt":"2024-10-18T11:06:27","slug":"de-i","status":"publish","type":"page","link":"https:\/\/www.careers.bonial.com\/de\/de-i\/","title":{"rendered":"Diversity, Equity, and Inclusion"},"content":{"rendered":"\r\n<h1>Wir feiern Vielfalt <br \/>und f\u00f6rdern Inklusion<\/h1>\r\n<p>Komm, wie du bist. Sei, wer du sein m\u00f6chtest. Jedes Individuum ist uns wichtig.<\/p>\r\n<p><a href=\"#more\" target=\"_self\" rel=\"noopener\"> Mehr erfahren <\/a> <img loading=\"lazy\" decoding=\"async\" title=\"Bonial11847\" src=\"https:\/\/www.careers.bonial.com\/wp-content\/uploads\/2024\/01\/Bonial11847-scaled.jpg\" alt=\"Bonial11847\" width=\"2560\" height=\"1703\" \/><\/p>\r\n<h2>Wie wir Vielfalt, Gerechtigkeit und Inklusion leben<\/h2>\r\n<p>Bei bonial sind wir mehr als nur ein Team. Wir sind ein Mosaik aus \u00fcber 57 Nationalit\u00e4ten, und alle bringen eine ganz einzigartige Perspektive mit. Vielfalt, Gerechtigkeit und Inklusion sind hier nicht nur Richtlinien, sondern unser Versprechen, die vielf\u00e4ltigen Bed\u00fcrfnisse, Erfahrungen und Erwartungen aller \u201ebonial People&#8220; zu verstehen und zu sch\u00e4tzen.&#8220;<\/p>\r\n<h2>Ich bin wirklich dankbar, und ich f\u00fchle mich sehr gl\u00fccklich, so viele starke Frauen im Unternehmen zu haben.<\/h2>\r\n<p>Wenn du einen Arbeitsplatz sch\u00e4tzt, an dem Vielfalt nicht nur anerkannt, sondern gefeiert wird, dann sieh unser Video an. Dort zeigen wir, wie bonial eine f\u00f6rdernde und inklusive Umgebung schafft. Denn Vielfalt und Female Leadership sind f\u00fcr uns der Schl\u00fcssel zum Erfolg.<\/p>\r\n<p><a id=\"trigger-\" role=\"button\" href=\"#\" data-modal=\"\" data-node=\"\"> <img decoding=\"async\" src=\"https:\/\/www.careers.bonial.com\/wp-content\/uploads\/2023\/12\/play-icon-1.svg\" alt=\"play-icon\" \/> <\/a> Preview modal-<\/p>\r\n<!-- [if lt IE 9]><![endif]-->\r\n<p><video id=\"video-945-1\" preload=\"metadata\" controls=\"controls\" width=\"300\" height=\"150\"><source type=\"video\/mp4\" src=\"https:\/\/www.careers.bonial.com\/wp-content\/uploads\/2024\/04\/co_240415_bonial_diverse_leadership_v7_DE.mp4?_=1\" \/><source type=\"video\/mp4\" src=\"https:\/\/www.careers.bonial.com\/wp-content\/uploads\/2024\/04\/co_240415_bonial_diverse_leadership_v7_DE.mp4?_=1\" \/><source type=\"video\/webm\" src=\"https:\/\/www.careers.bonial.com\/wp-content\/uploads\/2024\/05\/co_240415_bonial_diverse_leadership_v7_DE_LQ.webmhd.webm?_=1\" \/><track srclang=\"de\" label=\"Deutsch\" kind=\"subtitles\" src=\"https:\/\/www.careers.bonial.com\/wp-content\/uploads\/2024\/04\/co_240415_bonial_diverse_leadership_v7_DE_LQ.mp4.vtt\" \/><track srclang=\"en\" label=\"English\" kind=\"subtitles\" src=\"https:\/\/www.careers.bonial.com\/wp-content\/uploads\/2024\/04\/co_240415_bonial_diverse_leadership_v7_EN_LQ.mp4.vtt\" \/><a href=\"https:\/\/www.careers.bonial.com\/wp-content\/uploads\/2024\/04\/co_240415_bonial_diverse_leadership_v7_DE.mp4\">https:\/\/www.careers.bonial.com\/wp-content\/uploads\/2024\/04\/co_240415_bonial_diverse_leadership_v7_DE.mp4<\/a><\/video><\/p>\r\n<h3>Unsere Vision<\/h3>\r\n<h2>Gemeinsam eine gerechte Zukunft gestalten<\/h2>\r\n<p>Wir erkennen, dass gesellschaftliche Vorurteile oft in berufliche Umgebungen eindringen. Bei bonial setzen wir uns mit Hingabe daf\u00fcr ein, diese Muster zu durchbrechen, indem wir Gleichberechtigung und Respekt f\u00fcr alle sicherstellen. Unsere Vision ist es, einen inklusiven Arbeitsplatz zu f\u00f6rdern, an dem jeder sich frei entfalten kann und jede Stimme, Idee und Anliegen wirklich geh\u00f6rt und gesch\u00e4tzt werden.<\/p>\r\n<h3>F\u00fchrungspositionen in Balance<\/h3>\r\n<h2>Geschlechtervielfalt in F\u00fchrungsebenen<\/h2>\r\n<p>Wir sind stolz auf unsere Anstrengungen, eine ausgewogene Geschlechterverteilung in F\u00fchrungspositionen zu erreichen. Marianna, Gabriela und Maylin berichten dar\u00fcber aus erster Hand &#8211; sie alle sind Frauen, die nicht nur ihre Karrieren gestalten, sondern auch unsere inklusive Kultur beeinflussen.<\/p>\r\n<h3>\u201eWomen in Tech&#8220;<\/h3>\r\n<h2>Wir f\u00f6rdern Frauen in der Tech-Branche<\/h2>\r\n<p>Mit der Initiative \u201eWomen in Tech&#8220; setzen wir uns f\u00fcr eine Welt ohne Geschlechtergrenzen ein. Es ist eine Plattform f\u00fcr Vernetzung, Mentoring und Wachstum, die ein starkes Netzwerk von Frauen und Unterst\u00fctzern f\u00f6rdert. Von sorgf\u00e4ltig geplanten Veranstaltungen bis zu zwanglosen Treffen schaffen wir eine Gemeinschaft, in der Frauen in der Tech-Branche gedeihen.<\/p>\r\n<h3>Diversit\u00e4tsinitiativen<\/h3>\r\n<h2>Unsere Ma\u00dfnahmen f\u00fcr eine vielf\u00e4ltige Zukunft<\/h2>\r\n<p>Diversit\u00e4t bei bonial geht \u00fcber Worte hinaus. Wir sind aktiv in Initiativen engagiert, die Vielfalt in all ihren Formen f\u00f6rdern. Ob durch Community-Engagement, inklusive Einstellungspraktiken oder interne Workshops: wir setzen uns daf\u00fcr ein, einen echten Unterschied zu machen!<\/p>\r\n<p><a id=\"trigger-\" role=\"button\" href=\"#\" data-modal=\"\" data-node=\"\"> Teile deine Gedanken <\/a> Preview modal-<\/p>\r\n<h4 id=\"modal-title-\">\u00a0<\/h4>\r\n<h3>Share Your Thoughts<\/h3>\r\n<p>Do you have an idea how we can enhance our D&amp;I efforts? We&#8217;d love to hear from you. Share your thoughts and suggestions to help us grow stronger together.<\/p>\r\n<form action=\"\/de\/?page_id=945&amp;fl_builder#wpcf7-f923-o1\" method=\"post\" novalidate=\"novalidate\" aria-label=\"Kontaktformular\" data-status=\"init\"><input name=\"_wpcf7\" type=\"hidden\" value=\"923\" \/> <input name=\"_wpcf7_version\" type=\"hidden\" value=\"5.9.8\" \/> <input name=\"_wpcf7_locale\" type=\"hidden\" value=\"de_DE\" \/> <input name=\"_wpcf7_unit_tag\" type=\"hidden\" value=\"wpcf7-f923-o1\" \/> <input name=\"_wpcf7_container_post\" type=\"hidden\" value=\"0\" \/> <input name=\"_wpcf7_posted_data_hash\" type=\"hidden\" value=\"\" \/> <input maxlength=\"400\" name=\"your-name\" size=\"40\" type=\"text\" value=\"\" placeholder=\"Dein Name\" aria-required=\"true\" aria-invalid=\"false\" \/> <input maxlength=\"400\" name=\"your-email\" size=\"40\" type=\"email\" value=\"\" placeholder=\"E-Mail Adresse\" aria-required=\"true\" aria-invalid=\"false\" \/> <textarea cols=\"40\" maxlength=\"2000\" name=\"your-message\" rows=\"10\" placeholder=\"Deine Nachricht\" aria-invalid=\"false\"><\/textarea> <label><input name=\"acceptance-755\" type=\"checkbox\" value=\"1\" aria-invalid=\"false\" \/>Mir ist bekannt, dass \u00fcber dieses Formular keine Bewerbungen eingereicht werden k\u00f6nnen.<\/label> bonial ben\u00f6tigt die Kontaktinformationen, die du uns zur Verf\u00fcgung stellst, um dich \u00fcber unsere Produkte und Dienstleistungen zu informieren. Du kannst dich jederzeit von diesen Mitteilungen abmelden. Informationen dar\u00fcber, wie du dich abmelden kannst, sowie \u00fcber unsere Datenschutzpraktiken und unsere Verpflichtung zum Schutz deiner Daten findest du in unserer <a href=\"https:\/\/www.careers.bonial.com\/de\/datenschutz\/\">Datenschutzrichtlinie<\/a>.<br \/><input name=\"honeypot-576-time-start\" type=\"hidden\" value=\"1729002227\" \/><input name=\"honeypot-576-time-check\" type=\"hidden\" value=\"4\" \/><label for=\"wpcf7-670e7af34c527-field\">Bitte lasse dieses Feld leer.<\/label><input id=\"wpcf7-670e7af34c527-field\" tabindex=\"-1\" autocomplete=\"new-password\" name=\"honeypot-576\" size=\"40\" type=\"text\" value=\"\" \/><br \/><input type=\"submit\" value=\"Senden\" \/><\/form>\r\n<h2>Weiterbildung &amp; Entwicklung<\/h2>\r\n<p><img decoding=\"async\" src=\"https:\/\/www.careers.bonial.com\/wp-content\/uploads\/2024\/02\/Anton-Gedenach-scaled.jpg\" alt=\"Anton Gedenach\" \/><\/p>\r\n<p>&#8222;Dies ist der Ort, an dem du erfolgreich sein kannst. Es spielt keine Rolle, welchen Hintergrund du hast oder wie sich Einzelpersonen identifizieren, du wirst hier voll unterst\u00fctzt. Und das ist nicht nur meine \u00dcberzeugung, ich wei\u00df ganz sicher, dass das ganze Team daf\u00fcr steht.&#8220;<\/p>\r\n<h3>Anton, Senior Agile Coach<\/h3>\r\n<p><img decoding=\"async\" src=\"https:\/\/www.careers.bonial.com\/wp-content\/uploads\/2024\/01\/Nevzat_Acar-scaled.jpg\" alt=\"Nevzat_Acar\" \/><\/p>\r\n<p>&#8222;Es ist eine wirklich gute Umgebung, um von anderen Menschen zu lernen. Es gibt keinen Druck, du musst nicht vorgeben, jemand anderes zu sein, oder alles zu wissen. Komm einfach hierher, und die Leute nehmen dich so an, wie du bist.Die Menschen werden dich respektieren, und sie m\u00f6chten wirklich h\u00f6ren, welche Ideen du hast. Es spielt keine Rolle, welches Geschlecht du hast, welchen Titel du hast, welche Erfahrungen du hast. Es ist egal. Es spielt nicht einmal eine Rolle, welche Position du im Unternehmen hast. Die Leute m\u00f6chten ehrlich von dir h\u00f6ren, und sie sind sehr offen daf\u00fcr, von dir zu lernen.&#8220;<\/p>\r\n<h3>Nevzat, Senior Engineer<\/h3>\r\n<p><img decoding=\"async\" src=\"https:\/\/www.careers.bonial.com\/wp-content\/uploads\/2024\/01\/Patrick_Jungermann-scaled.jpg\" alt=\"Patrick_Jungermann\" \/><\/p>\r\n<p>\u201eBei bonial erlauben wir unseren Mitarbeitenden, das mobile B\u00fcro zu nutzen, wir haben nur drei obligatorische B\u00fcrotage im Monat, und das hilft mir, mein Privatleben und mein Familienleben zu integrieren. Als Vater ist es manchmal sehr wichtig, flexibel zu sein. Au\u00dferdem bieten wir auch die M\u00f6glichkeit, im Ausland zu arbeiten. Obwohl ich pers\u00f6nlich es nie genutzt habe, kenne ich viele Kollegen, die es getan haben, und ich denke, ich w\u00fcrde es auch tun, wenn sich meine Lebenssituation \u00e4ndern w\u00fcrde.&#8220;<\/p>\r\n<h3>Patrick, Principle Engineer<\/h3>\r\n<p><img decoding=\"async\" src=\"https:\/\/www.careers.bonial.com\/wp-content\/uploads\/2024\/01\/Karsten.png\" alt=\"Karsten\" \/><\/p>\r\n<p>&#8222;Du kannst problemlos ein ausgef\u00fclltest Privatleben sowie Freunde und Familie haben, w\u00e4hrend du hier arbeitest. Und dasselbe gilt f\u00fcr Menschen, die Kinder haben. Ich glaube, es ist bei uns immer ziemlich leicht, deinen Tag nach deinen Bed\u00fcrfnissen zu organisieren. Wir erleben zum Beispiel oft Online-Meetings, in denen Kinder mit vorm Bildschirm sitzen &#8211; in dieser Hinsicht sind wir sehr flexibel und mitarbeiterfreundlich.&#8220;<\/p>\r\n<h3>Karsten, CPO &amp; Managing Director<\/h3>\r\n<p><img decoding=\"async\" src=\"https:\/\/www.careers.bonial.com\/wp-content\/uploads\/2024\/01\/Anastasiia.jpeg\" alt=\"Anastasiia\" \/><\/p>\r\n<p>\u201eAlle sechs Monate sprechen wir \u00fcber unsere Entwicklung und definieren unsere Ziele f\u00fcr die Zukunft. Unsere Bed\u00fcrfnisse, Vorschl\u00e4ge und Vorlieben werden immer ber\u00fccksichtigt. Ich habe eine sehr klare Richtung f\u00fcr mein berufliches Wachstum in den Bereichen, die mich am meisten interessieren.&#8220;<\/p>\r\n<h3>Anastasiia, Mobile Marketing Manager<\/h3>\r\n<!-- \/.pp-testimonials -->","protected":false},"excerpt":{"rendered":"<p>Wir feiern Vielfalt und f\u00f6rdern Inklusion Komm, wie du bist. Sei, wer du sein m\u00f6chtest. Jedes Individuum ist uns wichtig. Mehr erfahren Wie wir Vielfalt, Gerechtigkeit und Inklusion leben Bei bonial sind wir mehr als nur ein Team. Wir sind ein Mosaik aus \u00fcber 57 Nationalit\u00e4ten, und alle bringen eine ganz einzigartige Perspektive mit. Vielfalt, [&hellip;]<\/p>\n","protected":false},"author":1,"featured_media":0,"parent":0,"menu_order":0,"comment_status":"closed","ping_status":"closed","template":"","meta":{"_acf_changed":false,"footnotes":""},"class_list":["post-945","page","type-page","status-publish","hentry","wpbf-post"],"acf":[],"yoast_head":"<!-- This site is optimized with the Yoast SEO plugin v27.5 - https:\/\/yoast.com\/product\/yoast-seo-wordpress\/ -->\n<title>Unser Engagement f\u00fcr Diversity &amp; Inclusion | bonial Career<\/title>\n<meta name=\"description\" content=\"Bei bonial stehen Vielfalt, Gerechtigkeit und Inklusion im Mittelpunkt unseres Handelns. Werde Teil eines Arbeitsplatzes, an dem unterschiedliche Perspektiven gesch\u00e4tzt werden und jeder die M\u00f6glichkeit hat, sich einzubringen und zu wachsen. Erfahre, wie wir ein inklusives und gerechtes Umfeld schaffen.\" \/>\n<meta name=\"robots\" content=\"index, follow, max-snippet:-1, max-image-preview:large, max-video-preview:-1\" \/>\n<link rel=\"canonical\" href=\"https:\/\/www.careers.bonial.com\/de\/de-i\/\" \/>\n<meta property=\"og:locale\" content=\"de_DE\" \/>\n<meta property=\"og:type\" content=\"article\" \/>\n<meta property=\"og:title\" content=\"Unser Engagement f\u00fcr Diversity &amp; Inclusion | bonial Career\" \/>\n<meta property=\"og:description\" content=\"Bei bonial stehen Vielfalt, Gerechtigkeit und Inklusion im Mittelpunkt unseres Handelns. Werde Teil eines Arbeitsplatzes, an dem unterschiedliche Perspektiven gesch\u00e4tzt werden und jeder die M\u00f6glichkeit hat, sich einzubringen und zu wachsen. Erfahre, wie wir ein inklusives und gerechtes Umfeld schaffen.\" \/>\n<meta property=\"og:url\" content=\"https:\/\/www.careers.bonial.com\/de\/de-i\/\" \/>\n<meta property=\"og:site_name\" content=\"bonial Career\" \/>\n<meta property=\"article:modified_time\" content=\"2024-10-18T11:06:27+00:00\" \/>\n<meta property=\"og:image\" content=\"https:\/\/www.careers.bonial.com\/wp-content\/uploads\/2024\/01\/Bonial11847-scaled.jpg\" \/>\n<meta name=\"twitter:card\" content=\"summary_large_image\" \/>\n<meta name=\"twitter:label1\" content=\"Gesch\u00e4tzte Lesezeit\" \/>\n\t<meta name=\"twitter:data1\" content=\"5\u00a0Minuten\" \/>\n<script type=\"application\/ld+json\" class=\"yoast-schema-graph\">{\"@context\":\"https:\\\/\\\/schema.org\",\"@graph\":[{\"@type\":\"WebPage\",\"@id\":\"https:\\\/\\\/www.careers.bonial.com\\\/de\\\/de-i\\\/\",\"url\":\"https:\\\/\\\/www.careers.bonial.com\\\/de\\\/de-i\\\/\",\"name\":\"Unser Engagement f\u00fcr Diversity & Inclusion | bonial Career\",\"isPartOf\":{\"@id\":\"https:\\\/\\\/www.careers.bonial.com\\\/de\\\/#website\"},\"primaryImageOfPage\":{\"@id\":\"https:\\\/\\\/www.careers.bonial.com\\\/de\\\/de-i\\\/#primaryimage\"},\"image\":{\"@id\":\"https:\\\/\\\/www.careers.bonial.com\\\/de\\\/de-i\\\/#primaryimage\"},\"thumbnailUrl\":\"https:\\\/\\\/www.careers.bonial.com\\\/wp-content\\\/uploads\\\/2024\\\/01\\\/Bonial11847-scaled.jpg\",\"datePublished\":\"2023-12-15T10:19:26+00:00\",\"dateModified\":\"2024-10-18T11:06:27+00:00\",\"description\":\"Bei bonial stehen Vielfalt, Gerechtigkeit und Inklusion im Mittelpunkt unseres Handelns. Werde Teil eines Arbeitsplatzes, an dem unterschiedliche Perspektiven gesch\u00e4tzt werden und jeder die M\u00f6glichkeit hat, sich einzubringen und zu wachsen. Erfahre, wie wir ein inklusives und gerechtes Umfeld schaffen.\",\"breadcrumb\":{\"@id\":\"https:\\\/\\\/www.careers.bonial.com\\\/de\\\/de-i\\\/#breadcrumb\"},\"inLanguage\":\"de\",\"potentialAction\":[{\"@type\":\"ReadAction\",\"target\":[\"https:\\\/\\\/www.careers.bonial.com\\\/de\\\/de-i\\\/\"]}]},{\"@type\":\"ImageObject\",\"inLanguage\":\"de\",\"@id\":\"https:\\\/\\\/www.careers.bonial.com\\\/de\\\/de-i\\\/#primaryimage\",\"url\":\"https:\\\/\\\/www.careers.bonial.com\\\/wp-content\\\/uploads\\\/2024\\\/01\\\/Bonial11847-scaled.jpg\",\"contentUrl\":\"https:\\\/\\\/www.careers.bonial.com\\\/wp-content\\\/uploads\\\/2024\\\/01\\\/Bonial11847-scaled.jpg\"},{\"@type\":\"BreadcrumbList\",\"@id\":\"https:\\\/\\\/www.careers.bonial.com\\\/de\\\/de-i\\\/#breadcrumb\",\"itemListElement\":[{\"@type\":\"ListItem\",\"position\":1,\"name\":\"Home\",\"item\":\"https:\\\/\\\/www.careers.bonial.com\\\/de\\\/\"},{\"@type\":\"ListItem\",\"position\":2,\"name\":\"Diversity, Equity, and Inclusion\"}]},{\"@type\":\"WebSite\",\"@id\":\"https:\\\/\\\/www.careers.bonial.com\\\/de\\\/#website\",\"url\":\"https:\\\/\\\/www.careers.bonial.com\\\/de\\\/\",\"name\":\"bonial\",\"description\":\"\",\"publisher\":{\"@id\":\"https:\\\/\\\/www.careers.bonial.com\\\/de\\\/#organization\"},\"potentialAction\":[{\"@type\":\"SearchAction\",\"target\":{\"@type\":\"EntryPoint\",\"urlTemplate\":\"https:\\\/\\\/www.careers.bonial.com\\\/de\\\/?s={search_term_string}\"},\"query-input\":{\"@type\":\"PropertyValueSpecification\",\"valueRequired\":true,\"valueName\":\"search_term_string\"}}],\"inLanguage\":\"de\"},{\"@type\":\"Organization\",\"@id\":\"https:\\\/\\\/www.careers.bonial.com\\\/de\\\/#organization\",\"name\":\"bonial\",\"url\":\"https:\\\/\\\/www.careers.bonial.com\\\/de\\\/\",\"logo\":{\"@type\":\"ImageObject\",\"inLanguage\":\"de\",\"@id\":\"https:\\\/\\\/www.careers.bonial.com\\\/de\\\/#\\\/schema\\\/logo\\\/image\\\/\",\"url\":\"https:\\\/\\\/www.careers.bonial.com\\\/wp-content\\\/uploads\\\/2023\\\/12\\\/bonial-logo-scaled.webp\",\"contentUrl\":\"https:\\\/\\\/www.careers.bonial.com\\\/wp-content\\\/uploads\\\/2023\\\/12\\\/bonial-logo-scaled.webp\",\"width\":2560,\"height\":877,\"caption\":\"bonial\"},\"image\":{\"@id\":\"https:\\\/\\\/www.careers.bonial.com\\\/de\\\/#\\\/schema\\\/logo\\\/image\\\/\"}}]}<\/script>\n<!-- \/ Yoast SEO plugin. -->","yoast_head_json":{"title":"Unser Engagement f\u00fcr Diversity & Inclusion | bonial Career","description":"Bei bonial stehen Vielfalt, Gerechtigkeit und Inklusion im Mittelpunkt unseres Handelns. Werde Teil eines Arbeitsplatzes, an dem unterschiedliche Perspektiven gesch\u00e4tzt werden und jeder die M\u00f6glichkeit hat, sich einzubringen und zu wachsen. Erfahre, wie wir ein inklusives und gerechtes Umfeld schaffen.","robots":{"index":"index","follow":"follow","max-snippet":"max-snippet:-1","max-image-preview":"max-image-preview:large","max-video-preview":"max-video-preview:-1"},"canonical":"https:\/\/www.careers.bonial.com\/de\/de-i\/","og_locale":"de_DE","og_type":"article","og_title":"Unser Engagement f\u00fcr Diversity & Inclusion | bonial Career","og_description":"Bei bonial stehen Vielfalt, Gerechtigkeit und Inklusion im Mittelpunkt unseres Handelns. Werde Teil eines Arbeitsplatzes, an dem unterschiedliche Perspektiven gesch\u00e4tzt werden und jeder die M\u00f6glichkeit hat, sich einzubringen und zu wachsen. Erfahre, wie wir ein inklusives und gerechtes Umfeld schaffen.","og_url":"https:\/\/www.careers.bonial.com\/de\/de-i\/","og_site_name":"bonial Career","article_modified_time":"2024-10-18T11:06:27+00:00","og_image":[{"url":"https:\/\/www.careers.bonial.com\/wp-content\/uploads\/2024\/01\/Bonial11847-scaled.jpg","type":"","width":"","height":""}],"twitter_card":"summary_large_image","twitter_misc":{"Gesch\u00e4tzte Lesezeit":"5\u00a0Minuten"},"schema":{"@context":"https:\/\/schema.org","@graph":[{"@type":"WebPage","@id":"https:\/\/www.careers.bonial.com\/de\/de-i\/","url":"https:\/\/www.careers.bonial.com\/de\/de-i\/","name":"Unser Engagement f\u00fcr Diversity & Inclusion | bonial Career","isPartOf":{"@id":"https:\/\/www.careers.bonial.com\/de\/#website"},"primaryImageOfPage":{"@id":"https:\/\/www.careers.bonial.com\/de\/de-i\/#primaryimage"},"image":{"@id":"https:\/\/www.careers.bonial.com\/de\/de-i\/#primaryimage"},"thumbnailUrl":"https:\/\/www.careers.bonial.com\/wp-content\/uploads\/2024\/01\/Bonial11847-scaled.jpg","datePublished":"2023-12-15T10:19:26+00:00","dateModified":"2024-10-18T11:06:27+00:00","description":"Bei bonial stehen Vielfalt, Gerechtigkeit und Inklusion im Mittelpunkt unseres Handelns. Werde Teil eines Arbeitsplatzes, an dem unterschiedliche Perspektiven gesch\u00e4tzt werden und jeder die M\u00f6glichkeit hat, sich einzubringen und zu wachsen. Erfahre, wie wir ein inklusives und gerechtes Umfeld schaffen.","breadcrumb":{"@id":"https:\/\/www.careers.bonial.com\/de\/de-i\/#breadcrumb"},"inLanguage":"de","potentialAction":[{"@type":"ReadAction","target":["https:\/\/www.careers.bonial.com\/de\/de-i\/"]}]},{"@type":"ImageObject","inLanguage":"de","@id":"https:\/\/www.careers.bonial.com\/de\/de-i\/#primaryimage","url":"https:\/\/www.careers.bonial.com\/wp-content\/uploads\/2024\/01\/Bonial11847-scaled.jpg","contentUrl":"https:\/\/www.careers.bonial.com\/wp-content\/uploads\/2024\/01\/Bonial11847-scaled.jpg"},{"@type":"BreadcrumbList","@id":"https:\/\/www.careers.bonial.com\/de\/de-i\/#breadcrumb","itemListElement":[{"@type":"ListItem","position":1,"name":"Home","item":"https:\/\/www.careers.bonial.com\/de\/"},{"@type":"ListItem","position":2,"name":"Diversity, Equity, and Inclusion"}]},{"@type":"WebSite","@id":"https:\/\/www.careers.bonial.com\/de\/#website","url":"https:\/\/www.careers.bonial.com\/de\/","name":"bonial","description":"","publisher":{"@id":"https:\/\/www.careers.bonial.com\/de\/#organization"},"potentialAction":[{"@type":"SearchAction","target":{"@type":"EntryPoint","urlTemplate":"https:\/\/www.careers.bonial.com\/de\/?s={search_term_string}"},"query-input":{"@type":"PropertyValueSpecification","valueRequired":true,"valueName":"search_term_string"}}],"inLanguage":"de"},{"@type":"Organization","@id":"https:\/\/www.careers.bonial.com\/de\/#organization","name":"bonial","url":"https:\/\/www.careers.bonial.com\/de\/","logo":{"@type":"ImageObject","inLanguage":"de","@id":"https:\/\/www.careers.bonial.com\/de\/#\/schema\/logo\/image\/","url":"https:\/\/www.careers.bonial.com\/wp-content\/uploads\/2023\/12\/bonial-logo-scaled.webp","contentUrl":"https:\/\/www.careers.bonial.com\/wp-content\/uploads\/2023\/12\/bonial-logo-scaled.webp","width":2560,"height":877,"caption":"bonial"},"image":{"@id":"https:\/\/www.careers.bonial.com\/de\/#\/schema\/logo\/image\/"}}]}},"_links":{"self":[{"href":"https:\/\/www.careers.bonial.com\/de\/wp-json\/wp\/v2\/pages\/945","targetHints":{"allow":["GET"]}}],"collection":[{"href":"https:\/\/www.careers.bonial.com\/de\/wp-json\/wp\/v2\/pages"}],"about":[{"href":"https:\/\/www.careers.bonial.com\/de\/wp-json\/wp\/v2\/types\/page"}],"author":[{"embeddable":true,"href":"https:\/\/www.careers.bonial.com\/de\/wp-json\/wp\/v2\/users\/1"}],"replies":[{"embeddable":true,"href":"https:\/\/www.careers.bonial.com\/de\/wp-json\/wp\/v2\/comments?post=945"}],"version-history":[{"count":19,"href":"https:\/\/www.careers.bonial.com\/de\/wp-json\/wp\/v2\/pages\/945\/revisions"}],"predecessor-version":[{"id":3215,"href":"https:\/\/www.careers.bonial.com\/de\/wp-json\/wp\/v2\/pages\/945\/revisions\/3215"}],"wp:attachment":[{"href":"https:\/\/www.careers.bonial.com\/de\/wp-json\/wp\/v2\/media?parent=945"}],"curies":[{"name":"wp","href":"https:\/\/api.w.org\/{rel}","templated":true}]}}