{"id":943,"date":"2024-01-09T15:19:35","date_gmt":"2024-01-09T14:19:35","guid":{"rendered":"https:\/\/careers.bonial.com\/sales-marketing\/"},"modified":"2024-10-18T12:03:53","modified_gmt":"2024-10-18T11:03:53","slug":"sales-marketing","status":"publish","type":"page","link":"https:\/\/www.careers.bonial.com\/de\/sales-marketing\/","title":{"rendered":"Sales &amp; Marketing"},"content":{"rendered":"\r\n<h1>Entdecke, was<br \/>Preview text zu bieten hat<\/h1>\r\n<p>Gemeinsam gestalten wir die Zukunft der Werbung und du kannst ein Teil davon sein.<\/p>\r\n<p><a href=\"#more\" target=\"_self\" rel=\"noopener\"> Mehr erfahren <\/a> <a href=\"https:\/\/bonial.recruitee.com\/l\/de\/\" target=\"_blank\" rel=\"noopener\"> Stellenangebote entdecken <\/a><\/p>\r\n<h2>\u201ebonial ist ein gro\u00dfartiger Ort zum Arbeiten.&#8220;<\/h2>\r\n<p>Lass dich von den Geschichten unserer leidenschaftlichen Fachleute bei bonial inspirieren, die nicht nur Karrieren aufbauen, sondern auch eine entscheidende Rolle in der Transformation der digitalen Werbebranche spielen.<\/p>\r\n<p><a id=\"trigger-\" role=\"button\" href=\"#\" data-modal=\"\" data-node=\"\"> <img decoding=\"async\" src=\"https:\/\/www.careers.bonial.com\/wp-content\/uploads\/2023\/12\/play-icon-1.svg\" alt=\"play-icon\" \/> <\/a> Preview modal-<\/p>\r\n<!-- [if lt IE 9]><![endif]-->\r\n<p><video id=\"video-943-1\" preload=\"none\" controls=\"controls\" width=\"300\" height=\"150\"><source type=\"video\/mp4\" src=\"https:\/\/www.careers.bonial.com\/wp-content\/uploads\/2024\/04\/co_240415_bonial_sales_marketing_v7_DE_LQ.mp4?_=1\" \/><source type=\"video\/mp4\" src=\"https:\/\/www.careers.bonial.com\/wp-content\/uploads\/2024\/04\/co_240415_bonial_sales_marketing_v7_DE_LQ.mp4?_=1\" \/><source type=\"video\/webm\" src=\"https:\/\/www.careers.bonial.com\/wp-content\/uploads\/2024\/05\/co_240415_bonial_sales_marketing_v7_DE_LQ.webmhd.webm?_=1\" \/><track srclang=\"de\" label=\"Deutsch\" kind=\"subtitles\" src=\"https:\/\/www.careers.bonial.com\/wp-content\/uploads\/2024\/04\/co_240415_bonial_sales_marketing_v7_DE_LQ.mp4.vtt\" \/><track srclang=\"en\" label=\"English\" kind=\"subtitles\" src=\"https:\/\/www.careers.bonial.com\/wp-content\/uploads\/2024\/04\/co_240415_bonial_sales_marketing_v7_EN_LQ.mp4.vtt\" \/><a href=\"https:\/\/www.careers.bonial.com\/wp-content\/uploads\/2024\/04\/co_240415_bonial_sales_marketing_v7_DE_LQ.mp4\">https:\/\/www.careers.bonial.com\/wp-content\/uploads\/2024\/04\/co_240415_bonial_sales_marketing_v7_DE_LQ.mp4<\/a><\/video><\/p>\r\n<h2>Unsere Berufsfelder<\/h2>\r\n<p><a target=\"_self\" rel=\"noopener\"> Vertriebs- und Kundenstrategie <\/a> <a target=\"_self\" rel=\"noopener\"> B2B Kommunikation &amp; PR <\/a> <a target=\"_self\" rel=\"noopener\"> Performance &amp; Brand Marketing <\/a> <a target=\"_self\" rel=\"noopener\"> Inbound Marketing <\/a> <img decoding=\"async\" src=\"https:\/\/www.careers.bonial.com\/wp-content\/uploads\/2024\/01\/240117_Bonial-16-scaled.jpg\" alt=\"240117_Bonial-16\" \/><\/p>\r\n<p>Unser B2B- &amp; PR\/Communications-Team k\u00fcmmert sich um die strategische Planung, Entwicklung und Umsetzung von Kommunikationsma\u00dfnahmen. Wir arbeiten eng mit verschiedenen internen Abteilungen zusammen, um relevante Inhalte zu erstellen und diese \u00fcber verschiedene Kan\u00e4le wie soziale Medien, Pressemitteilungen, Blogbeitr\u00e4ge und Newsletter zu verbreiten. Dar\u00fcber hinaus betreuen wir die Mediaplanung, organisieren Veranstaltungen und kooperieren mit wichtigen Branchenpartnern, um unsere Botschaften einem breiten Publikum zug\u00e4nglich zu machen. Unser Ziel ist es, bonial positiv und glaubw\u00fcrdig zu repr\u00e4sentieren und das Unternehmen als innovativen und f\u00fchrenden Anbieter im Bereich der Angebotskommunikation zu positionieren.<\/p>\r\n<p><img decoding=\"async\" src=\"https:\/\/www.careers.bonial.com\/wp-content\/uploads\/2024\/01\/Bonial11070-scaled.jpg\" alt=\"Bonial11070\" \/><\/p>\r\n<p>Unser Vertriebsteam arbeitet aktiv daran, potenzielle Neukund:innen f\u00fcr bonial zu identifizieren und zu gewinnen. Dank des starken Verhandlungs- und \u00dcberzeugungsgeschicks unserer Vertriebsmitarbeiter:innen werden Vertr\u00e4ge erfolgreich abgeschlossen und langfristige, vertrauensvolle Beziehungen zu unseren Kund:innen aufgebaut. Eine zentrale Rolle bei der Unterst\u00fctzung des Vertriebsteams spielt das Team &#8222;Kundenstrategie&#8220;: Es konzentriert sich auf ansprechende und visuell \u00fcberzeugende Verkaufsgespr\u00e4che, um potenzielle Kund:innen von den Produkten und Dienstleistungen von bonial zu \u00fcberzeugen. Der Fokus liegt dabei auf einem strategischen Ansatz, um die Bed\u00fcrfnisse des Kunden zu verstehen und ma\u00dfgeschneiderte L\u00f6sungen anzubieten.<\/p>\r\n<p><img decoding=\"async\" src=\"https:\/\/www.careers.bonial.com\/wp-content\/uploads\/2024\/01\/product.jpg\" alt=\"product\" \/><\/p>\r\n<p>Unser Brand Marketing Team f\u00fcr kaufDA gestaltet die Art und Weise, wie Millionen von Nutzer:innen den Einzelhandel wahrnehmen und mit ihm interagieren. Wir entwickeln die Identit\u00e4t der kaufDA-Marke kontinuierlich weiter und st\u00e4rken sie, um sicherzustellen, dass sie authentisch auf unsere vielf\u00e4ltige Zielgruppe wirkt. In diesem Team kannst du innovative Kampagnen erstellen, an strategischen Initiativen mitwirken und kaufDA auf ein neues Level heben. Wenn du leidenschaftlich daran interessiert bist, durch kreatives Branding und strategisches Denken einen sp\u00fcrbaren Einfluss auf die Einzelhandelslandschaft zu haben, bietet unser Brand Marketing Team gro\u00dfartige M\u00f6glichkeiten, Einzelhandelserlebnisse neu zu definieren.Die Mitarbeit in diesem Team ist eine aufregende Gelegenheit, innovative Kampagnen zu entwickeln und an strategischen Initiativen mitzuarbeiten, um das Einkaufserlebnis neu zu definieren.<\/p>\r\n<p><img decoding=\"async\" src=\"https:\/\/www.careers.bonial.com\/wp-content\/uploads\/2024\/01\/development.jpg\" alt=\"development\" \/><\/p>\r\n<p>Unser Inbound Marketing Team lebt vom dynamischen Zusammenspiel aus Kreativit\u00e4t und strategischem Denken. Es konzentriert sich auf digitale Interaktion und die Verbindung zu unseren Nutzer:innen. Wir sind spezialisiert auf SEO, CRM und Editorial &amp; Social Media. Und so optimieren wir unsere Websites und Apps f\u00fcr maximale Sichtbarkeit, f\u00fchren benutzerzentrierte Bindungskampagnen durch und produzieren ansprechende Inhalte, die bei unserer Zielgruppe gut ankommen. Unser Ansatz geht \u00fcber 0815-Marketing hinaus; es geht darum, bedeutsame Verbindungen aufzubauen und organisches Wachstum zu f\u00f6rdern. Letztlich gestalten wir so die Zukunft des digitalen Marketings, wo jede Idee zu einer besseren Benutzererfahrung und einer st\u00e4rkeren Markenpr\u00e4senz beitr\u00e4gt.<\/p>\r\n<h3>Kundenbeziehungen<\/h3>\r\n<h2>Gelebte Partnerschaften<\/h2>\r\n<p>Von kleinen Gesch\u00e4ften bis hin zu bekannten Marken sch\u00e4tzen unsere Kundengruppen die Gelegenheit, ihre Produkte optimal online \u00fcber unsere Plattformen wie kaufDA und MeinProspekt zu pr\u00e4sentieren. Wir erm\u00f6glichen es Einzelh\u00e4ndler:innen im digitalen Zeitalter erfolgreich zu sein, indem sie nahtlos zwischen der Online- und Offline-Welt navigieren und ihre Kund:innen auf innovative Weise effektiv ansprechen. Bei uns kannst du die Verbindung zwischen Verbraucher:innen und dem lokalen Einzelhandel st\u00e4rken und gemeinsam eine einzigartige Einkaufserfahrung schaffen.<\/p>\r\n<p><a href=\"https:\/\/bonial.recruitee.com\/l\/de\/\" target=\"_blank\" rel=\"noopener\"> Offene Stelle <\/a><\/p>\r\n<h2>Das sagen unsere Mitarbeitende<\/h2>\r\n<p><img decoding=\"async\" src=\"https:\/\/www.careers.bonial.com\/wp-content\/uploads\/2024\/01\/Bastien.jpeg\" alt=\"Bastien\" \/><\/p>\r\n<p>&#8222;Meine Arbeit bei bonial ist aufregend, da es stets Gelegenheiten gibt, Neues zu erlernen und sich weiterzuentwickeln. Wir haben die M\u00f6glichkeit, mit bedeutenden Kunden zusammenzuarbeiten und Millionen von Nutzer:innen in ihrem Alltag zu unterst\u00fctzen &#8211; und das macht mir riesigen Spa\u00df! In Deutschland und Frankreich suchen Millionen von Menschen nach Angeboten, und wir k\u00f6nnen ihnen tats\u00e4chlich helfen. Ich empfinde, dass ich durch meine Arbeit einen Einfluss aus\u00fcben kann, indem ich unseren Nutzer:innen wirklich behilflich bin. Dies ist ein bedeutendes Ziel f\u00fcr mich: Anderen von Nutzen zu sein.&#8220;<\/p>\r\n<h3>Bastien, Marketing Intelligence Specialist<\/h3>\r\n<p><img decoding=\"async\" src=\"https:\/\/www.careers.bonial.com\/wp-content\/uploads\/2024\/01\/Matthias.jpeg\" alt=\"Matthias\" \/><\/p>\r\n<p>&#8222;Bei bonial haben wir definitiv ein sehr gutes Produkt! Wir sind am richtigen Ort zur richtigen Zeit und wir haben bereits einen guten Namen auf dem Markt. Das hilft uns, sich auf Kundenbeziehungen zu konzentrieren und das ist eine gro\u00dfe St\u00e4rke von bonial. Zudem haben wir ein sehr professionelles Umfeld: Die Unterst\u00fctzung von Kolleg:innen aus anderen Abteilungen und die M\u00f6glichkeit &amp; Freiheit, unseren Arbeitstag zu organisieren. Dieses Vertrauen hilft mir, mich auf die richtigen Dinge zu konzentrieren und erfolgreich zu sein.&#8220;<\/p>\r\n<h3>Matthias, Sales Director<\/h3>\r\n<p><img decoding=\"async\" src=\"https:\/\/www.careers.bonial.com\/wp-content\/uploads\/2024\/01\/Anastasiia.jpeg\" alt=\"Anastasiia\" \/><\/p>\r\n<p>&#8222;Wir arbeiten in einer sehr schnelllebigen Zeit. Das Unternehmen w\u00e4chst st\u00e4ndig und ich lerne konstant. Nat\u00fcrlich ist das eine Herausforderung, aber wir arbeiten in einem so unterst\u00fctzenden Team und Arbeitsumfeld, dass es immer wieder Spa\u00df macht!&#8220;<\/p>\r\n<h3>Anastasiia, Mobile Marketing Manager<\/h3>\r\n<p><img decoding=\"async\" src=\"https:\/\/www.careers.bonial.com\/wp-content\/uploads\/2024\/01\/Alina_Abu_Marya.jpg\" alt=\"Alina_Abu_Marya\" \/><\/p>\r\n<p>&#8222;Ich habe mich f\u00fcr bonial entschieden, weil es ein sehr innovatives und aufregendes Unternehmen ist, das zudem in einer zukunftsorientierten Umgebung t\u00e4tig ist. Ich freue mich jeden Tag darauf, hier mit den Kolleg:innen zusammenzuarbeiten und neue Dinge zu lernen.&#8220;<\/p>\r\n<h3>Alina, Sales Director<\/h3>\r\n<p><img decoding=\"async\" src=\"https:\/\/www.careers.bonial.com\/wp-content\/uploads\/2024\/01\/Florian-scaled.webp\" alt=\"Florian\" \/><\/p>\r\n<p>&#8222;Vor zehn Jahren habe ich als Werkstudent angefangen. Heute leite ich das SEO Marketing Team f\u00fcr Frankreich und Deutschland. Und ich arbeite immer noch gerne hier: Mir gef\u00e4llt die Atmosph\u00e4re, meine Kolleg:innen und nat\u00fcrlich die gemeinsamen Teamveranstaltungen.&#8220;<\/p>\r\n<h3>Florian, Teamleiter SEO Marketing<\/h3>\r\n<!-- \/.pp-testimonials -->","protected":false},"excerpt":{"rendered":"<p>Entdecke, wasPreview text zu bieten hat Gemeinsam gestalten wir die Zukunft der Werbung und du kannst ein Teil davon sein. Mehr erfahren Stellenangebote entdecken \u201ebonial ist ein gro\u00dfartiger Ort zum Arbeiten.&#8220; Lass dich von den Geschichten unserer leidenschaftlichen Fachleute bei bonial inspirieren, die nicht nur Karrieren aufbauen, sondern auch eine entscheidende Rolle in der Transformation [&hellip;]<\/p>\n","protected":false},"author":1,"featured_media":0,"parent":0,"menu_order":0,"comment_status":"closed","ping_status":"closed","template":"","meta":{"_acf_changed":false,"footnotes":""},"class_list":["post-943","page","type-page","status-publish","hentry","wpbf-post"],"acf":[],"yoast_head":"<!-- This site is optimized with the Yoast SEO plugin v27.5 - https:\/\/yoast.com\/product\/yoast-seo-wordpress\/ -->\n<title>Karriere im Sales &amp; Marketing | bonial<\/title>\n<meta name=\"description\" content=\"Werde Teil des Sales- und Marketing-Teams von bonial und treibe Innovationen im Einzelhandel voran, indem du modernste Technologie und Kreativit\u00e4t nutzt. Arbeite in einem dynamischen Umfeld mit, das dauerhafte Brancheneinblicke erm\u00f6glicht.\" \/>\n<meta name=\"robots\" content=\"index, follow, max-snippet:-1, max-image-preview:large, max-video-preview:-1\" \/>\n<link rel=\"canonical\" href=\"https:\/\/www.careers.bonial.com\/de\/sales-marketing\/\" \/>\n<meta property=\"og:locale\" content=\"de_DE\" \/>\n<meta property=\"og:type\" content=\"article\" \/>\n<meta property=\"og:title\" content=\"Karriere im Sales &amp; Marketing | bonial\" \/>\n<meta property=\"og:description\" content=\"Werde Teil des Sales- und Marketing-Teams von bonial und treibe Innovationen im Einzelhandel voran, indem du modernste Technologie und Kreativit\u00e4t nutzt. Arbeite in einem dynamischen Umfeld mit, das dauerhafte Brancheneinblicke erm\u00f6glicht.\" \/>\n<meta property=\"og:url\" content=\"https:\/\/www.careers.bonial.com\/de\/sales-marketing\/\" \/>\n<meta property=\"og:site_name\" content=\"bonial Career\" \/>\n<meta property=\"article:modified_time\" content=\"2024-10-18T11:03:53+00:00\" \/>\n<meta property=\"og:image\" content=\"https:\/\/www.careers.bonial.com\/wp-content\/uploads\/2023\/12\/play-icon-1.svg\" \/>\n<meta name=\"twitter:card\" content=\"summary_large_image\" \/>\n<meta name=\"twitter:label1\" content=\"Gesch\u00e4tzte Lesezeit\" \/>\n\t<meta name=\"twitter:data1\" content=\"7\u00a0Minuten\" \/>\n<script type=\"application\/ld+json\" class=\"yoast-schema-graph\">{\"@context\":\"https:\\\/\\\/schema.org\",\"@graph\":[{\"@type\":\"WebPage\",\"@id\":\"https:\\\/\\\/www.careers.bonial.com\\\/de\\\/sales-marketing\\\/\",\"url\":\"https:\\\/\\\/www.careers.bonial.com\\\/de\\\/sales-marketing\\\/\",\"name\":\"Karriere im Sales & Marketing | bonial\",\"isPartOf\":{\"@id\":\"https:\\\/\\\/www.careers.bonial.com\\\/de\\\/#website\"},\"primaryImageOfPage\":{\"@id\":\"https:\\\/\\\/www.careers.bonial.com\\\/de\\\/sales-marketing\\\/#primaryimage\"},\"image\":{\"@id\":\"https:\\\/\\\/www.careers.bonial.com\\\/de\\\/sales-marketing\\\/#primaryimage\"},\"thumbnailUrl\":\"https:\\\/\\\/www.careers.bonial.com\\\/wp-content\\\/uploads\\\/2023\\\/12\\\/play-icon-1.svg\",\"datePublished\":\"2024-01-09T14:19:35+00:00\",\"dateModified\":\"2024-10-18T11:03:53+00:00\",\"description\":\"Werde Teil des Sales- und Marketing-Teams von bonial und treibe Innovationen im Einzelhandel voran, indem du modernste Technologie und Kreativit\u00e4t nutzt. Arbeite in einem dynamischen Umfeld mit, das dauerhafte Brancheneinblicke erm\u00f6glicht.\",\"breadcrumb\":{\"@id\":\"https:\\\/\\\/www.careers.bonial.com\\\/de\\\/sales-marketing\\\/#breadcrumb\"},\"inLanguage\":\"de\",\"potentialAction\":[{\"@type\":\"ReadAction\",\"target\":[\"https:\\\/\\\/www.careers.bonial.com\\\/de\\\/sales-marketing\\\/\"]}]},{\"@type\":\"ImageObject\",\"inLanguage\":\"de\",\"@id\":\"https:\\\/\\\/www.careers.bonial.com\\\/de\\\/sales-marketing\\\/#primaryimage\",\"url\":\"https:\\\/\\\/www.careers.bonial.com\\\/wp-content\\\/uploads\\\/2023\\\/12\\\/play-icon-1.svg\",\"contentUrl\":\"https:\\\/\\\/www.careers.bonial.com\\\/wp-content\\\/uploads\\\/2023\\\/12\\\/play-icon-1.svg\"},{\"@type\":\"BreadcrumbList\",\"@id\":\"https:\\\/\\\/www.careers.bonial.com\\\/de\\\/sales-marketing\\\/#breadcrumb\",\"itemListElement\":[{\"@type\":\"ListItem\",\"position\":1,\"name\":\"Home\",\"item\":\"https:\\\/\\\/www.careers.bonial.com\\\/de\\\/\"},{\"@type\":\"ListItem\",\"position\":2,\"name\":\"Sales &amp; Marketing\"}]},{\"@type\":\"WebSite\",\"@id\":\"https:\\\/\\\/www.careers.bonial.com\\\/de\\\/#website\",\"url\":\"https:\\\/\\\/www.careers.bonial.com\\\/de\\\/\",\"name\":\"bonial\",\"description\":\"\",\"publisher\":{\"@id\":\"https:\\\/\\\/www.careers.bonial.com\\\/de\\\/#organization\"},\"potentialAction\":[{\"@type\":\"SearchAction\",\"target\":{\"@type\":\"EntryPoint\",\"urlTemplate\":\"https:\\\/\\\/www.careers.bonial.com\\\/de\\\/?s={search_term_string}\"},\"query-input\":{\"@type\":\"PropertyValueSpecification\",\"valueRequired\":true,\"valueName\":\"search_term_string\"}}],\"inLanguage\":\"de\"},{\"@type\":\"Organization\",\"@id\":\"https:\\\/\\\/www.careers.bonial.com\\\/de\\\/#organization\",\"name\":\"bonial\",\"url\":\"https:\\\/\\\/www.careers.bonial.com\\\/de\\\/\",\"logo\":{\"@type\":\"ImageObject\",\"inLanguage\":\"de\",\"@id\":\"https:\\\/\\\/www.careers.bonial.com\\\/de\\\/#\\\/schema\\\/logo\\\/image\\\/\",\"url\":\"https:\\\/\\\/www.careers.bonial.com\\\/wp-content\\\/uploads\\\/2023\\\/12\\\/bonial-logo-scaled.webp\",\"contentUrl\":\"https:\\\/\\\/www.careers.bonial.com\\\/wp-content\\\/uploads\\\/2023\\\/12\\\/bonial-logo-scaled.webp\",\"width\":2560,\"height\":877,\"caption\":\"bonial\"},\"image\":{\"@id\":\"https:\\\/\\\/www.careers.bonial.com\\\/de\\\/#\\\/schema\\\/logo\\\/image\\\/\"}}]}<\/script>\n<!-- \/ Yoast SEO plugin. -->","yoast_head_json":{"title":"Karriere im Sales & Marketing | bonial","description":"Werde Teil des Sales- und Marketing-Teams von bonial und treibe Innovationen im Einzelhandel voran, indem du modernste Technologie und Kreativit\u00e4t nutzt. Arbeite in einem dynamischen Umfeld mit, das dauerhafte Brancheneinblicke erm\u00f6glicht.","robots":{"index":"index","follow":"follow","max-snippet":"max-snippet:-1","max-image-preview":"max-image-preview:large","max-video-preview":"max-video-preview:-1"},"canonical":"https:\/\/www.careers.bonial.com\/de\/sales-marketing\/","og_locale":"de_DE","og_type":"article","og_title":"Karriere im Sales & Marketing | bonial","og_description":"Werde Teil des Sales- und Marketing-Teams von bonial und treibe Innovationen im Einzelhandel voran, indem du modernste Technologie und Kreativit\u00e4t nutzt. Arbeite in einem dynamischen Umfeld mit, das dauerhafte Brancheneinblicke erm\u00f6glicht.","og_url":"https:\/\/www.careers.bonial.com\/de\/sales-marketing\/","og_site_name":"bonial Career","article_modified_time":"2024-10-18T11:03:53+00:00","og_image":[{"url":"https:\/\/www.careers.bonial.com\/wp-content\/uploads\/2023\/12\/play-icon-1.svg","type":"","width":"","height":""}],"twitter_card":"summary_large_image","twitter_misc":{"Gesch\u00e4tzte Lesezeit":"7\u00a0Minuten"},"schema":{"@context":"https:\/\/schema.org","@graph":[{"@type":"WebPage","@id":"https:\/\/www.careers.bonial.com\/de\/sales-marketing\/","url":"https:\/\/www.careers.bonial.com\/de\/sales-marketing\/","name":"Karriere im Sales & Marketing | bonial","isPartOf":{"@id":"https:\/\/www.careers.bonial.com\/de\/#website"},"primaryImageOfPage":{"@id":"https:\/\/www.careers.bonial.com\/de\/sales-marketing\/#primaryimage"},"image":{"@id":"https:\/\/www.careers.bonial.com\/de\/sales-marketing\/#primaryimage"},"thumbnailUrl":"https:\/\/www.careers.bonial.com\/wp-content\/uploads\/2023\/12\/play-icon-1.svg","datePublished":"2024-01-09T14:19:35+00:00","dateModified":"2024-10-18T11:03:53+00:00","description":"Werde Teil des Sales- und Marketing-Teams von bonial und treibe Innovationen im Einzelhandel voran, indem du modernste Technologie und Kreativit\u00e4t nutzt. Arbeite in einem dynamischen Umfeld mit, das dauerhafte Brancheneinblicke erm\u00f6glicht.","breadcrumb":{"@id":"https:\/\/www.careers.bonial.com\/de\/sales-marketing\/#breadcrumb"},"inLanguage":"de","potentialAction":[{"@type":"ReadAction","target":["https:\/\/www.careers.bonial.com\/de\/sales-marketing\/"]}]},{"@type":"ImageObject","inLanguage":"de","@id":"https:\/\/www.careers.bonial.com\/de\/sales-marketing\/#primaryimage","url":"https:\/\/www.careers.bonial.com\/wp-content\/uploads\/2023\/12\/play-icon-1.svg","contentUrl":"https:\/\/www.careers.bonial.com\/wp-content\/uploads\/2023\/12\/play-icon-1.svg"},{"@type":"BreadcrumbList","@id":"https:\/\/www.careers.bonial.com\/de\/sales-marketing\/#breadcrumb","itemListElement":[{"@type":"ListItem","position":1,"name":"Home","item":"https:\/\/www.careers.bonial.com\/de\/"},{"@type":"ListItem","position":2,"name":"Sales &amp; Marketing"}]},{"@type":"WebSite","@id":"https:\/\/www.careers.bonial.com\/de\/#website","url":"https:\/\/www.careers.bonial.com\/de\/","name":"bonial","description":"","publisher":{"@id":"https:\/\/www.careers.bonial.com\/de\/#organization"},"potentialAction":[{"@type":"SearchAction","target":{"@type":"EntryPoint","urlTemplate":"https:\/\/www.careers.bonial.com\/de\/?s={search_term_string}"},"query-input":{"@type":"PropertyValueSpecification","valueRequired":true,"valueName":"search_term_string"}}],"inLanguage":"de"},{"@type":"Organization","@id":"https:\/\/www.careers.bonial.com\/de\/#organization","name":"bonial","url":"https:\/\/www.careers.bonial.com\/de\/","logo":{"@type":"ImageObject","inLanguage":"de","@id":"https:\/\/www.careers.bonial.com\/de\/#\/schema\/logo\/image\/","url":"https:\/\/www.careers.bonial.com\/wp-content\/uploads\/2023\/12\/bonial-logo-scaled.webp","contentUrl":"https:\/\/www.careers.bonial.com\/wp-content\/uploads\/2023\/12\/bonial-logo-scaled.webp","width":2560,"height":877,"caption":"bonial"},"image":{"@id":"https:\/\/www.careers.bonial.com\/de\/#\/schema\/logo\/image\/"}}]}},"_links":{"self":[{"href":"https:\/\/www.careers.bonial.com\/de\/wp-json\/wp\/v2\/pages\/943","targetHints":{"allow":["GET"]}}],"collection":[{"href":"https:\/\/www.careers.bonial.com\/de\/wp-json\/wp\/v2\/pages"}],"about":[{"href":"https:\/\/www.careers.bonial.com\/de\/wp-json\/wp\/v2\/types\/page"}],"author":[{"embeddable":true,"href":"https:\/\/www.careers.bonial.com\/de\/wp-json\/wp\/v2\/users\/1"}],"replies":[{"embeddable":true,"href":"https:\/\/www.careers.bonial.com\/de\/wp-json\/wp\/v2\/comments?post=943"}],"version-history":[{"count":18,"href":"https:\/\/www.careers.bonial.com\/de\/wp-json\/wp\/v2\/pages\/943\/revisions"}],"predecessor-version":[{"id":3212,"href":"https:\/\/www.careers.bonial.com\/de\/wp-json\/wp\/v2\/pages\/943\/revisions\/3212"}],"wp:attachment":[{"href":"https:\/\/www.careers.bonial.com\/de\/wp-json\/wp\/v2\/media?parent=943"}],"curies":[{"name":"wp","href":"https:\/\/api.w.org\/{rel}","templated":true}]}}